{"id":48,"date":"2026-02-03T11:41:17","date_gmt":"2026-02-03T11:41:17","guid":{"rendered":"https:\/\/polishfarmer.pl\/?page_id=48"},"modified":"2026-03-25T12:45:10","modified_gmt":"2026-03-25T12:45:10","slug":"glowna","status":"publish","type":"page","link":"https:\/\/polishfarmer.pl\/","title":{"rendered":"G\u0142\u00f3wna"},"content":{"rendered":"\n<div id=\"wp-block-themeisle-blocks-advanced-columns-35825447\" class=\"wp-block-themeisle-blocks-advanced-columns alignfull has-1-columns has-desktop-equal-layout has-tablet-equal-layout has-mobile-collapsedRows-layout has-vertical-center ticss-c00aadba\"><div class=\"wp-block-themeisle-blocks-advanced-columns-overlay\"><\/div><div class=\"innerblocks-wrap\">\n<div id=\"wp-block-themeisle-blocks-advanced-column-ed1b12ac\" class=\"wp-block-themeisle-blocks-advanced-column\">\n<h2 id=\"wp-block-themeisle-blocks-advanced-heading-8f3ca166\" class=\"wp-block-themeisle-blocks-advanced-heading wp-block-themeisle-blocks-advanced-heading-8f3ca166\">Zapraszamy do \u015bwiata nowinek rolniczych!<\/h2>\n\n\n\n<p class=\"has-text-align-center has-base-color has-text-color has-link-color wp-elements-3399e34f4e7c91a0c17a7024ad2fc52f\">Rolnictwo to nie tylko tradycja \u2013 to dynamicznie rozwijaj\u0105ca si\u0119 bran\u017ca, kt\u00f3ra ka\u017cdego dnia \u0142\u0105czy innowacje z do\u015bwiadczeniem pokole\u0144. Nasza strona powsta\u0142a z my\u015bl\u0105 o wszystkich, kt\u00f3rzy chc\u0105 by\u0107 na bie\u017c\u0105co z nowinkami rolniczymi oraz wspiera\u0107 produkty od polskich rolnik\u00f3w.<\/p>\n\n\n\n<div style=\"height:10px\" aria-hidden=\"true\" class=\"wp-block-spacer\"><\/div>\n<\/div>\n<\/div><\/div>\n\n\n\n<div id=\"wp-block-themeisle-blocks-advanced-columns-58a6f45d\" class=\"wp-block-themeisle-blocks-advanced-columns alignfull has-1-columns has-desktop-equal-layout has-tablet-equal-layout has-mobile-collapsedRows-layout has-vertical-center ticss-c00aadba  has-dark-bg\"><div class=\"wp-block-themeisle-blocks-advanced-columns-overlay\"><\/div><div class=\"innerblocks-wrap\">\n<div id=\"wp-block-themeisle-blocks-advanced-column-a33983c6\" class=\"wp-block-themeisle-blocks-advanced-column\">\n<h2 class=\"wp-block-heading has-text-align-center has-base-color has-text-color has-link-color has-abeezee-font-family wp-elements-e5f82898f3479c121f045dc17ac96135\">Naj\u015bwie\u017csze nowinki<\/h2>\n<\/div>\n<\/div><\/div>\n\n\n\n<div id=\"wp-block-themeisle-blocks-advanced-columns-e9c48d33\" class=\"wp-block-themeisle-blocks-advanced-columns alignfull has-1-columns has-desktop-equal-layout has-tablet-equal-layout has-mobile-collapsedRows-layout has-vertical-center ticss-c00aadba\"><div class=\"wp-block-themeisle-blocks-advanced-columns-overlay\"><\/div><div class=\"innerblocks-wrap\">\n<div id=\"wp-block-themeisle-blocks-advanced-column-825f0450\" class=\"wp-block-themeisle-blocks-advanced-column\"><div class=\"is-style-boxed has-dark-bg wp-block-themeisle-blocks-posts-grid\" id=\"wp-block-themeisle-blocks-posts-grid-1e899b24\"><div class=\"is-grid o-posts-grid-columns-3\"><div class=\"o-posts-grid-post-blog o-posts-grid-post-plain\"><div class=\"o-posts-grid-post\"><div class=\"o-posts-grid-post-image\"><a href=\"https:\/\/polishfarmer.pl\/?p=287\"><img decoding=\"async\" width=\"768\" height=\"512\" src=\"https:\/\/polishfarmer.pl\/wp-content\/uploads\/2026\/03\/ChatGPT-Image-23-mar-2026-12_27_15-768x512.png\" class=\"attachment-medium_large size-medium_large\" alt=\"Zdj\u0119cia rolnik\u00f3w przy warzywach \u2013 ma\u0142y gest, du\u017ce znaczenie &#x1f331;&#x1f4f8;\" srcset=\"https:\/\/polishfarmer.pl\/wp-content\/uploads\/2026\/03\/ChatGPT-Image-23-mar-2026-12_27_15-768x512.png 768w, https:\/\/polishfarmer.pl\/wp-content\/uploads\/2026\/03\/ChatGPT-Image-23-mar-2026-12_27_15-300x200.png 300w, https:\/\/polishfarmer.pl\/wp-content\/uploads\/2026\/03\/ChatGPT-Image-23-mar-2026-12_27_15-1024x683.png 1024w, https:\/\/polishfarmer.pl\/wp-content\/uploads\/2026\/03\/ChatGPT-Image-23-mar-2026-12_27_15.png 1536w\" sizes=\"(max-width: 768px) 100vw, 768px\" \/><\/a><\/div><div class=\"o-posts-grid-post-body\"><span class=\"o-posts-grid-post-category\"><a href=\"https:\/\/polishfarmer.pl\/?cat=4\">Aktualno\u015bci<\/a><\/span><h4 class=\"o-posts-grid-post-title\"><a href=\"https:\/\/polishfarmer.pl\/?p=287\">Zdj\u0119cia rolnik\u00f3w przy warzywach \u2013 ma\u0142y gest, du\u017ce znaczenie &#x1f331;&#x1f4f8;<\/a><\/h4><p class=\"o-posts-grid-post-meta\">Opublikowano w <time datetime=\"2026-03-25T12:44:01+00:00\">25 marca, 2026<\/time> autorstwa <a href=\"https:\/\/polishfarmer.pl\/?author=1\">Edi666<\/a><\/p><div class=\"o-posts-grid-post-description\"><p>W niekt\u00f3rych sklepach na \u015bwiecie mo\u017cna spotka\u0107 ciekaw\u0105 praktyk\u0119 \u2013 przy skrzynkach z warzywami umiesz\u2026<\/p><\/div><\/div><\/div><\/div><div class=\"o-posts-grid-post-blog o-posts-grid-post-plain\"><div class=\"o-posts-grid-post\"><div class=\"o-posts-grid-post-image\"><a href=\"https:\/\/polishfarmer.pl\/?p=135\"><img decoding=\"async\" width=\"740\" height=\"446\" src=\"https:\/\/polishfarmer.pl\/wp-content\/uploads\/2026\/02\/sunny-meadow-landscape_1112-134.jpg\" class=\"attachment-medium_large size-medium_large\" alt=\"Przyk\u0142adowy 3\" srcset=\"https:\/\/polishfarmer.pl\/wp-content\/uploads\/2026\/02\/sunny-meadow-landscape_1112-134.jpg 740w, https:\/\/polishfarmer.pl\/wp-content\/uploads\/2026\/02\/sunny-meadow-landscape_1112-134-300x181.jpg 300w\" sizes=\"(max-width: 740px) 100vw, 740px\" \/><\/a><\/div><div class=\"o-posts-grid-post-body\"><span class=\"o-posts-grid-post-category\"><a href=\"https:\/\/polishfarmer.pl\/?cat=4\">Aktualno\u015bci<\/a><\/span><h4 class=\"o-posts-grid-post-title\"><a href=\"https:\/\/polishfarmer.pl\/?p=135\">Przyk\u0142adowy 3<\/a><\/h4><p class=\"o-posts-grid-post-meta\">Opublikowano w <time datetime=\"2026-02-19T20:09:00+00:00\">19 lutego, 2026<\/time> autorstwa <a href=\"https:\/\/polishfarmer.pl\/?author=1\">Edi666<\/a><\/p><div class=\"o-posts-grid-post-description\"><p>Lorem ipsum dolor sit amet, consectetur adipiscing elit, sed do eiusmod tempor incididunt ut labore \u2026<\/p><\/div><\/div><\/div><\/div><div class=\"o-posts-grid-post-blog o-posts-grid-post-plain\"><div class=\"o-posts-grid-post\"><div class=\"o-posts-grid-post-image\"><a href=\"https:\/\/polishfarmer.pl\/?p=83\"><img decoding=\"async\" width=\"768\" height=\"432\" src=\"https:\/\/polishfarmer.pl\/wp-content\/uploads\/2026\/02\/pexels-jedrzej-koralewski-14125120-27582249-768x432.jpg\" class=\"attachment-medium_large size-medium_large\" alt=\"Przyk\u0142adowy 2\" srcset=\"https:\/\/polishfarmer.pl\/wp-content\/uploads\/2026\/02\/pexels-jedrzej-koralewski-14125120-27582249-768x432.jpg 768w, https:\/\/polishfarmer.pl\/wp-content\/uploads\/2026\/02\/pexels-jedrzej-koralewski-14125120-27582249-300x169.jpg 300w, https:\/\/polishfarmer.pl\/wp-content\/uploads\/2026\/02\/pexels-jedrzej-koralewski-14125120-27582249-1024x576.jpg 1024w, https:\/\/polishfarmer.pl\/wp-content\/uploads\/2026\/02\/pexels-jedrzej-koralewski-14125120-27582249-1536x864.jpg 1536w, https:\/\/polishfarmer.pl\/wp-content\/uploads\/2026\/02\/pexels-jedrzej-koralewski-14125120-27582249-2048x1152.jpg 2048w\" sizes=\"(max-width: 768px) 100vw, 768px\" \/><\/a><\/div><div class=\"o-posts-grid-post-body\"><span class=\"o-posts-grid-post-category\"><a href=\"https:\/\/polishfarmer.pl\/?cat=4\">Aktualno\u015bci<\/a><\/span><h4 class=\"o-posts-grid-post-title\"><a href=\"https:\/\/polishfarmer.pl\/?p=83\">Przyk\u0142adowy 2<\/a><\/h4><p class=\"o-posts-grid-post-meta\">Opublikowano w <time datetime=\"2026-02-03T13:26:06+00:00\">3 lutego, 2026<\/time> autorstwa <a href=\"https:\/\/polishfarmer.pl\/?author=1\">Edi666<\/a><\/p><div class=\"o-posts-grid-post-description\"><p>Lorem ipsum dolor sit amet consectetur adipiscing elit. Quisque faucibus ex sapien vitae pellentesqu\u2026<\/p><\/div><\/div><\/div><\/div><\/div> <\/div><\/div>\n<\/div><\/div>\n\n\n\n<div id=\"wp-block-themeisle-blocks-advanced-columns-af0ed10b\" class=\"wp-block-themeisle-blocks-advanced-columns alignfull has-1-columns has-desktop-equal-layout has-tablet-equal-layout has-mobile-collapsedRows-layout has-vertical-center ticss-c00aadba  has-dark-bg\"><div class=\"wp-block-themeisle-blocks-advanced-columns-overlay\"><\/div><div class=\"innerblocks-wrap\">\n<div id=\"wp-block-themeisle-blocks-advanced-column-c3f22c1c\" class=\"wp-block-themeisle-blocks-advanced-column\">\n<h1 class=\"wp-block-heading has-text-align-center has-base-color has-text-color has-link-color has-abeezee-font-family wp-elements-aa3d06e4948619ec77798d88655bb3f9\">Do\u0142\u0105cz do naszej spo\u0142eczno\u015bci!<\/h1>\n<\/div>\n<\/div><\/div>\n\n\n\n<div id=\"wp-block-themeisle-blocks-advanced-columns-9f4af9aa\" class=\"wp-block-themeisle-blocks-advanced-columns alignfull has-1-columns has-desktop-equal-layout has-tablet-equal-layout has-mobile-equal-layout has-vertical-center ticss-c00aadba  has-dark-bg\"><div class=\"wp-block-themeisle-blocks-advanced-columns-overlay\"><\/div><div class=\"innerblocks-wrap\">\n<div id=\"wp-block-themeisle-blocks-advanced-column-1dd24dc6\" class=\"wp-block-themeisle-blocks-advanced-column\">\n<p class=\"has-text-align-center\">Masz ciekawe zdj\u0119cia z pola, now\u0105 maszyn\u0119, rekordowy plon albo nietypow\u0105 upraw\u0119? A mo\u017ce chcesz sprzeda\u0107 swoje produkty prosto od rolnika?<\/p>\n\n\n\n<p class=\"has-text-align-center\">Podziel si\u0119 tym z nami!<\/p>\n\n\n\n<p class=\"has-text-align-center animated backInDown is-style-default has-base-color has-text-color has-link-color has-x-large-font-size wp-elements-207c42a91af6d22898a36e9df607a76a\" style=\"font-style:normal;font-weight:1000\">kontakt@polishfarmer.pl<\/p>\n<\/div>\n<\/div><\/div>\n\n\n\n<div id=\"wp-block-themeisle-blocks-advanced-columns-f0abd36c\" class=\"wp-block-themeisle-blocks-advanced-columns alignfull has-1-columns has-desktop-equal-layout has-tablet-equal-layout has-mobile-equal-layout has-vertical-center ticss-c00aadba\"><div class=\"wp-block-themeisle-blocks-advanced-columns-overlay\"><\/div><div class=\"innerblocks-wrap\">\n<div id=\"wp-block-themeisle-blocks-advanced-column-d69a5b0c\" class=\"wp-block-themeisle-blocks-advanced-column\"><div class=\"is-style-boxed  has-dark-bg wp-block-themeisle-blocks-posts-grid\" id=\"wp-block-themeisle-blocks-posts-grid-6971d20d\"><div class=\"is-grid o-posts-grid-columns-5\"><div class=\"o-posts-grid-post-blog o-posts-grid-post-plain\"><div class=\"o-posts-grid-post\"><div class=\"o-posts-grid-post-image\"><a href=\"https:\/\/polishfarmer.pl\/?p=148\"><img decoding=\"async\" width=\"1100\" height=\"665\" src=\"https:\/\/polishfarmer.pl\/wp-content\/uploads\/2026\/02\/soja_uprawa.jpg\" class=\"attachment-full size-full\" alt=\"Sprzedam pole\" srcset=\"https:\/\/polishfarmer.pl\/wp-content\/uploads\/2026\/02\/soja_uprawa.jpg 1100w, https:\/\/polishfarmer.pl\/wp-content\/uploads\/2026\/02\/soja_uprawa-300x181.jpg 300w, https:\/\/polishfarmer.pl\/wp-content\/uploads\/2026\/02\/soja_uprawa-1024x619.jpg 1024w, https:\/\/polishfarmer.pl\/wp-content\/uploads\/2026\/02\/soja_uprawa-768x464.jpg 768w\" sizes=\"(max-width: 1100px) 100vw, 1100px\" \/><\/a><\/div><div class=\"o-posts-grid-post-body\"><span class=\"o-posts-grid-post-category\"><a href=\"https:\/\/polishfarmer.pl\/?cat=9\">Wys\u0142ane<\/a><\/span><h4 class=\"o-posts-grid-post-title\"><a href=\"https:\/\/polishfarmer.pl\/?p=148\">Sprzedam pole<\/a><\/h4><p class=\"o-posts-grid-post-meta\">Opublikowano w <time datetime=\"2026-02-19T20:15:08+00:00\">19 lutego, 2026<\/time> autorstwa <a href=\"https:\/\/polishfarmer.pl\/?author=1\">Edi666<\/a><\/p><div class=\"o-posts-grid-post-description\"><p>Lorem ipsum dolor sit amet, consectetur adipiscing elit, sed do eiusmod tempor incididunt ut labore \u2026<\/p><\/div><\/div><\/div><\/div><div class=\"o-posts-grid-post-blog o-posts-grid-post-plain\"><div class=\"o-posts-grid-post\"><div class=\"o-posts-grid-post-image\"><a href=\"https:\/\/polishfarmer.pl\/?p=142\"><img decoding=\"async\" width=\"860\" height=\"571\" src=\"https:\/\/polishfarmer.pl\/wp-content\/uploads\/2026\/02\/tractor-3637466_1280-860x0-c-default.jpg\" class=\"attachment-full size-full\" alt=\"Sprzedam traktor\" srcset=\"https:\/\/polishfarmer.pl\/wp-content\/uploads\/2026\/02\/tractor-3637466_1280-860x0-c-default.jpg 860w, https:\/\/polishfarmer.pl\/wp-content\/uploads\/2026\/02\/tractor-3637466_1280-860x0-c-default-300x199.jpg 300w, https:\/\/polishfarmer.pl\/wp-content\/uploads\/2026\/02\/tractor-3637466_1280-860x0-c-default-768x510.jpg 768w\" sizes=\"(max-width: 860px) 100vw, 860px\" \/><\/a><\/div><div class=\"o-posts-grid-post-body\"><span class=\"o-posts-grid-post-category\"><a href=\"https:\/\/polishfarmer.pl\/?cat=9\">Wys\u0142ane<\/a><\/span><h4 class=\"o-posts-grid-post-title\"><a href=\"https:\/\/polishfarmer.pl\/?p=142\">Sprzedam traktor<\/a><\/h4><p class=\"o-posts-grid-post-meta\">Opublikowano w <time datetime=\"2026-02-19T20:11:07+00:00\">19 lutego, 2026<\/time> autorstwa <a href=\"https:\/\/polishfarmer.pl\/?author=1\">Edi666<\/a><\/p><div class=\"o-posts-grid-post-description\"><p>Lorem ipsum dolor sit amet, consectetur adipiscing elit, sed do eiusmod tempor incididunt ut labore \u2026<\/p><\/div><\/div><\/div><\/div><div class=\"o-posts-grid-post-blog o-posts-grid-post-plain\"><div class=\"o-posts-grid-post\"><div class=\"o-posts-grid-post-image\"><a href=\"https:\/\/polishfarmer.pl\/?p=138\"><img decoding=\"async\" width=\"2560\" height=\"1709\" src=\"https:\/\/polishfarmer.pl\/wp-content\/uploads\/2026\/02\/car-damage-road-accident-car-insurance-scaled.jpg\" class=\"attachment-full size-full\" alt=\"Sprzedam Opla\" srcset=\"https:\/\/polishfarmer.pl\/wp-content\/uploads\/2026\/02\/car-damage-road-accident-car-insurance-scaled.jpg 2560w, https:\/\/polishfarmer.pl\/wp-content\/uploads\/2026\/02\/car-damage-road-accident-car-insurance-300x200.jpg 300w, https:\/\/polishfarmer.pl\/wp-content\/uploads\/2026\/02\/car-damage-road-accident-car-insurance-1024x684.jpg 1024w, https:\/\/polishfarmer.pl\/wp-content\/uploads\/2026\/02\/car-damage-road-accident-car-insurance-768x513.jpg 768w, https:\/\/polishfarmer.pl\/wp-content\/uploads\/2026\/02\/car-damage-road-accident-car-insurance-1536x1025.jpg 1536w, https:\/\/polishfarmer.pl\/wp-content\/uploads\/2026\/02\/car-damage-road-accident-car-insurance-2048x1367.jpg 2048w\" sizes=\"(max-width: 2560px) 100vw, 2560px\" \/><\/a><\/div><div class=\"o-posts-grid-post-body\"><span class=\"o-posts-grid-post-category\"><a href=\"https:\/\/polishfarmer.pl\/?cat=9\">Wys\u0142ane<\/a><\/span><h4 class=\"o-posts-grid-post-title\"><a href=\"https:\/\/polishfarmer.pl\/?p=138\">Sprzedam Opla<\/a><\/h4><p class=\"o-posts-grid-post-meta\">Opublikowano w <time datetime=\"2026-02-19T20:09:54+00:00\">19 lutego, 2026<\/time> autorstwa <a href=\"https:\/\/polishfarmer.pl\/?author=1\">Edi666<\/a><\/p><div class=\"o-posts-grid-post-description\"><p>Lorem ipsum dolor sit amet, consectetur adipiscing elit, sed do eiusmod tempor incididunt ut labore \u2026<\/p><\/div><\/div><\/div><\/div><\/div> <\/div><\/div>\n<\/div><\/div>\n\n\n\n<p><\/p>\n","protected":false},"excerpt":{"rendered":"","protected":false},"author":1,"featured_media":0,"parent":0,"menu_order":0,"comment_status":"closed","ping_status":"closed","template":"page-no-title","meta":{"_themeisle_gutenberg_block_has_review":false,"footnotes":""},"class_list":["post-48","page","type-page","status-publish","hentry"],"_links":{"self":[{"href":"https:\/\/polishfarmer.pl\/index.php?rest_route=\/wp\/v2\/pages\/48","targetHints":{"allow":["GET"]}}],"collection":[{"href":"https:\/\/polishfarmer.pl\/index.php?rest_route=\/wp\/v2\/pages"}],"about":[{"href":"https:\/\/polishfarmer.pl\/index.php?rest_route=\/wp\/v2\/types\/page"}],"author":[{"embeddable":true,"href":"https:\/\/polishfarmer.pl\/index.php?rest_route=\/wp\/v2\/users\/1"}],"replies":[{"embeddable":true,"href":"https:\/\/polishfarmer.pl\/index.php?rest_route=%2Fwp%2Fv2%2Fcomments&post=48"}],"version-history":[{"count":50,"href":"https:\/\/polishfarmer.pl\/index.php?rest_route=\/wp\/v2\/pages\/48\/revisions"}],"predecessor-version":[{"id":291,"href":"https:\/\/polishfarmer.pl\/index.php?rest_route=\/wp\/v2\/pages\/48\/revisions\/291"}],"wp:attachment":[{"href":"https:\/\/polishfarmer.pl\/index.php?rest_route=%2Fwp%2Fv2%2Fmedia&parent=48"}],"curies":[{"name":"wp","href":"https:\/\/api.w.org\/{rel}","templated":true}]}}